{"id":84,"date":"2020-02-09T12:45:17","date_gmt":"2020-02-09T11:45:17","guid":{"rendered":"https:\/\/www.hypnotizerrin.de\/?page_id=84"},"modified":"2025-01-28T20:53:09","modified_gmt":"2025-01-28T19:53:09","slug":"ueber-mich","status":"publish","type":"page","link":"https:\/\/www.hypnotizerrin.de\/index.php\/ueber-mich\/","title":{"rendered":"\u00dcber mich"},"content":{"rendered":"\t\t<div data-elementor-type=\"wp-page\" data-elementor-id=\"84\" class=\"elementor elementor-84\" data-elementor-post-type=\"page\">\n\t\t\t\t\t\t<section class=\"elementor-section elementor-top-section elementor-element elementor-element-7e5ad21 elementor-section-boxed elementor-section-height-default elementor-section-height-default\" data-id=\"7e5ad21\" data-element_type=\"section\" data-e-type=\"section\">\n\t\t\t\t\t\t<div class=\"elementor-container elementor-column-gap-default\">\n\t\t\t\t\t<div class=\"elementor-column elementor-col-100 elementor-top-column elementor-element elementor-element-16878af\" data-id=\"16878af\" data-element_type=\"column\" data-e-type=\"column\">\n\t\t\t<div class=\"elementor-widget-wrap elementor-element-populated\">\n\t\t\t\t\t\t<div class=\"elementor-element elementor-element-6d4cab6 elementor-widget elementor-widget-text-editor\" data-id=\"6d4cab6\" data-element_type=\"widget\" data-e-type=\"widget\" data-widget_type=\"text-editor.default\">\n\t\t\t\t<div class=\"elementor-widget-container\">\n\t\t\t\t\t\t\t\t\t<ul><li><strong>Zerrin Kiris, 1974<\/strong> in Hessen geboren und zweisprachig (deutsch &amp; t\u00fcrkisch) aufgewachsen<\/li><li>geschieden, 1 Kind, langj\u00e4hrig gl\u00fccklich alleinerziehend<\/li><li><strong>1996-2001 Studium Sozialwesen<\/strong> &#8211; Hochschule RheinMain &#8211; Schwerpunkt: Gemeindepsychiatrie 2001 &#8211; Diplom-Sozialp\u00e4dagogin (FH)<b> <br \/><\/b><\/li><li><strong>2004-2006 Heilpraktikerin f\u00fcr Psychotherpie<\/strong> &#8211;\u00a0 Thalamus Mainz<\/li><li><strong>2005-2006 Hypnose-Trance-Therapie<\/strong> mit NLP-Techniken &#8211; Thalamus Mainz<\/li><li><b>2008 bis dato<\/b> <b>Referentin Elternbildungsarbeit<\/b> in Wiesbaden<\/li><li><strong>2010 Heilpraktikerin f\u00fcr Psychotherapie<\/strong> &#8211; Erlaubnis zur Aus\u00fcbung der Heilkunde ohne Bestallung &#8211; Kreisgesundheitsamt Rheingau-Taunus-Kreis<\/li><li><strong>Trainerin Progressive Muskelentspannung f\u00fcr Kinder und Jugendliche <\/strong>nach Edmund Jacobson &#8211; Giessener Forum<\/li><li><b>seit 2019 <\/b>nebenberuflich in eigener Praxis f\u00fcr Psychotherapie mit Schwerpunkt Hypnosetherapie<b><br \/><\/b><\/li><li><strong>2019-2020 L\u00f6sungsorientierte Autosystemhypnose<\/strong> &#8211; Zentrum f\u00fcr Angewandte Hypnose &#8211; Dr. G\u00f6tz Renartz &#8211; Mainz<\/li><li><strong>2021-2022 Spirituelle Hypnose<\/strong> &#8211; Spirituelle Hypnose Akademie- Markus Lehnert &#8211; Ffm<\/li><\/ul><div>\u00a0<\/div><div>\u00a0<\/div>\t\t\t\t\t\t\t\t<\/div>\n\t\t\t\t<\/div>\n\t\t\t\t<div class=\"elementor-element elementor-element-d18fa8a elementor-widget elementor-widget-image\" data-id=\"d18fa8a\" data-element_type=\"widget\" data-e-type=\"widget\" data-widget_type=\"image.default\">\n\t\t\t\t<div class=\"elementor-widget-container\">\n\t\t\t\t\t\t\t\t\t\t\t\t<figure class=\"wp-caption\">\n\t\t\t\t\t\t\t\t\t\t<img fetchpriority=\"high\" decoding=\"async\" width=\"580\" height=\"870\" src=\"https:\/\/www.hypnotizerrin.de\/wp-content\/uploads\/2023\/05\/IMG-20230209-WA0002-768x1152.jpg\" class=\"attachment-medium_large size-medium_large wp-image-275\" alt=\"\" srcset=\"https:\/\/www.hypnotizerrin.de\/wp-content\/uploads\/2023\/05\/IMG-20230209-WA0002-768x1152.jpg 768w, https:\/\/www.hypnotizerrin.de\/wp-content\/uploads\/2023\/05\/IMG-20230209-WA0002-200x300.jpg 200w, https:\/\/www.hypnotizerrin.de\/wp-content\/uploads\/2023\/05\/IMG-20230209-WA0002-683x1024.jpg 683w, https:\/\/www.hypnotizerrin.de\/wp-content\/uploads\/2023\/05\/IMG-20230209-WA0002-1024x1536.jpg 1024w, https:\/\/www.hypnotizerrin.de\/wp-content\/uploads\/2023\/05\/IMG-20230209-WA0002-1200x1800.jpg 1200w, https:\/\/www.hypnotizerrin.de\/wp-content\/uploads\/2023\/05\/IMG-20230209-WA0002.jpg 1365w\" sizes=\"(max-width: 580px) 100vw, 580px\" \/>\t\t\t\t\t\t\t\t\t\t\t<figcaption class=\"widget-image-caption wp-caption-text\">Foto: Ricarda Bergel<\/figcaption>\n\t\t\t\t\t\t\t\t\t\t<\/figure>\n\t\t\t\t\t\t\t\t\t<\/div>\n\t\t\t\t<\/div>\n\t\t\t\t\t<\/div>\n\t\t<\/div>\n\t\t\t\t\t<\/div>\n\t\t<\/section>\n\t\t\t\t<\/div>\n\t\t","protected":false},"excerpt":{"rendered":"<p>Zerrin Kiris, 1974 in Hessen geboren und zweisprachig (deutsch &amp; t\u00fcrkisch) aufgewachsen geschieden, 1 Kind, langj\u00e4hrig gl\u00fccklich alleinerziehend 1996-2001 Studium Sozialwesen &#8211; Hochschule RheinMain &#8211; Schwerpunkt: Gemeindepsychiatrie 2001 &#8211; Diplom-Sozialp\u00e4dagogin (FH) 2004-2006 Heilpraktikerin f\u00fcr Psychotherpie &#8211;\u00a0 Thalamus Mainz 2005-2006 Hypnose-Trance-Therapie mit NLP-Techniken &#8211; Thalamus Mainz 2008 bis dato Referentin Elternbildungsarbeit in Wiesbaden 2010 Heilpraktikerin f\u00fcr [&hellip;]<\/p>\n","protected":false},"author":1,"featured_media":0,"parent":0,"menu_order":0,"comment_status":"closed","ping_status":"closed","template":"","meta":{"footnotes":""},"class_list":["post-84","page","type-page","status-publish","hentry"],"yoast_head":"<!-- This site is optimized with the Yoast SEO plugin v27.3 - https:\/\/yoast.com\/product\/yoast-seo-wordpress\/ -->\n<title>\u00dcber mich - hypnotiZerrin<\/title>\n<meta name=\"robots\" content=\"index, follow, max-snippet:-1, max-image-preview:large, max-video-preview:-1\" \/>\n<link rel=\"canonical\" href=\"https:\/\/www.hypnotizerrin.de\/index.php\/ueber-mich\/\" \/>\n<meta property=\"og:locale\" content=\"de_DE\" \/>\n<meta property=\"og:type\" content=\"article\" \/>\n<meta property=\"og:title\" content=\"\u00dcber mich - hypnotiZerrin\" \/>\n<meta property=\"og:description\" content=\"Zerrin Kiris, 1974 in Hessen geboren und zweisprachig (deutsch &amp; t\u00fcrkisch) aufgewachsen geschieden, 1 Kind, langj\u00e4hrig gl\u00fccklich alleinerziehend 1996-2001 Studium Sozialwesen &#8211; Hochschule RheinMain &#8211; Schwerpunkt: Gemeindepsychiatrie 2001 &#8211; Diplom-Sozialp\u00e4dagogin (FH) 2004-2006 Heilpraktikerin f\u00fcr Psychotherpie &#8211;\u00a0 Thalamus Mainz 2005-2006 Hypnose-Trance-Therapie mit NLP-Techniken &#8211; Thalamus Mainz 2008 bis dato Referentin Elternbildungsarbeit in Wiesbaden 2010 Heilpraktikerin f\u00fcr [&hellip;]\" \/>\n<meta property=\"og:url\" content=\"https:\/\/www.hypnotizerrin.de\/index.php\/ueber-mich\/\" \/>\n<meta property=\"og:site_name\" content=\"hypnotiZerrin\" \/>\n<meta property=\"article:modified_time\" content=\"2025-01-28T19:53:09+00:00\" \/>\n<meta property=\"og:image\" content=\"https:\/\/www.hypnotizerrin.de\/wp-content\/uploads\/2023\/05\/IMG-20230209-WA0002.jpg\" \/>\n\t<meta property=\"og:image:width\" content=\"1365\" \/>\n\t<meta property=\"og:image:height\" content=\"2048\" \/>\n\t<meta property=\"og:image:type\" content=\"image\/jpeg\" \/>\n<meta name=\"twitter:card\" content=\"summary_large_image\" \/>\n<meta name=\"twitter:label1\" content=\"Gesch\u00e4tzte Lesezeit\" \/>\n\t<meta name=\"twitter:data1\" content=\"1\u00a0Minute\" \/>\n<script type=\"application\/ld+json\" class=\"yoast-schema-graph\">{\"@context\":\"https:\\\/\\\/schema.org\",\"@graph\":[{\"@type\":\"WebPage\",\"@id\":\"https:\\\/\\\/www.hypnotizerrin.de\\\/index.php\\\/ueber-mich\\\/\",\"url\":\"https:\\\/\\\/www.hypnotizerrin.de\\\/index.php\\\/ueber-mich\\\/\",\"name\":\"\u00dcber mich - hypnotiZerrin\",\"isPartOf\":{\"@id\":\"https:\\\/\\\/www.hypnotizerrin.de\\\/#website\"},\"primaryImageOfPage\":{\"@id\":\"https:\\\/\\\/www.hypnotizerrin.de\\\/index.php\\\/ueber-mich\\\/#primaryimage\"},\"image\":{\"@id\":\"https:\\\/\\\/www.hypnotizerrin.de\\\/index.php\\\/ueber-mich\\\/#primaryimage\"},\"thumbnailUrl\":\"https:\\\/\\\/www.hypnotizerrin.de\\\/wp-content\\\/uploads\\\/2023\\\/05\\\/IMG-20230209-WA0002-768x1152.jpg\",\"datePublished\":\"2020-02-09T11:45:17+00:00\",\"dateModified\":\"2025-01-28T19:53:09+00:00\",\"breadcrumb\":{\"@id\":\"https:\\\/\\\/www.hypnotizerrin.de\\\/index.php\\\/ueber-mich\\\/#breadcrumb\"},\"inLanguage\":\"de\",\"potentialAction\":[{\"@type\":\"ReadAction\",\"target\":[\"https:\\\/\\\/www.hypnotizerrin.de\\\/index.php\\\/ueber-mich\\\/\"]}]},{\"@type\":\"ImageObject\",\"inLanguage\":\"de\",\"@id\":\"https:\\\/\\\/www.hypnotizerrin.de\\\/index.php\\\/ueber-mich\\\/#primaryimage\",\"url\":\"https:\\\/\\\/www.hypnotizerrin.de\\\/wp-content\\\/uploads\\\/2023\\\/05\\\/IMG-20230209-WA0002.jpg\",\"contentUrl\":\"https:\\\/\\\/www.hypnotizerrin.de\\\/wp-content\\\/uploads\\\/2023\\\/05\\\/IMG-20230209-WA0002.jpg\",\"width\":1365,\"height\":2048},{\"@type\":\"BreadcrumbList\",\"@id\":\"https:\\\/\\\/www.hypnotizerrin.de\\\/index.php\\\/ueber-mich\\\/#breadcrumb\",\"itemListElement\":[{\"@type\":\"ListItem\",\"position\":1,\"name\":\"Home\",\"item\":\"https:\\\/\\\/www.hypnotizerrin.de\\\/\"},{\"@type\":\"ListItem\",\"position\":2,\"name\":\"\u00dcber mich\"}]},{\"@type\":\"WebSite\",\"@id\":\"https:\\\/\\\/www.hypnotizerrin.de\\\/#website\",\"url\":\"https:\\\/\\\/www.hypnotizerrin.de\\\/\",\"name\":\"hypnotiZerrin\",\"description\":\"\",\"publisher\":{\"@id\":\"https:\\\/\\\/www.hypnotizerrin.de\\\/#organization\"},\"potentialAction\":[{\"@type\":\"SearchAction\",\"target\":{\"@type\":\"EntryPoint\",\"urlTemplate\":\"https:\\\/\\\/www.hypnotizerrin.de\\\/?s={search_term_string}\"},\"query-input\":{\"@type\":\"PropertyValueSpecification\",\"valueRequired\":true,\"valueName\":\"search_term_string\"}}],\"inLanguage\":\"de\"},{\"@type\":\"Organization\",\"@id\":\"https:\\\/\\\/www.hypnotizerrin.de\\\/#organization\",\"name\":\"hypnotiZerrin\",\"url\":\"https:\\\/\\\/www.hypnotizerrin.de\\\/\",\"logo\":{\"@type\":\"ImageObject\",\"inLanguage\":\"de\",\"@id\":\"https:\\\/\\\/www.hypnotizerrin.de\\\/#\\\/schema\\\/logo\\\/image\\\/\",\"url\":\"https:\\\/\\\/www.hypnotizerrin.de\\\/wp-content\\\/uploads\\\/2020\\\/02\\\/logo.jpg\",\"contentUrl\":\"https:\\\/\\\/www.hypnotizerrin.de\\\/wp-content\\\/uploads\\\/2020\\\/02\\\/logo.jpg\",\"width\":1024,\"height\":327,\"caption\":\"hypnotiZerrin\"},\"image\":{\"@id\":\"https:\\\/\\\/www.hypnotizerrin.de\\\/#\\\/schema\\\/logo\\\/image\\\/\"}}]}<\/script>\n<!-- \/ Yoast SEO plugin. -->","yoast_head_json":{"title":"\u00dcber mich - hypnotiZerrin","robots":{"index":"index","follow":"follow","max-snippet":"max-snippet:-1","max-image-preview":"max-image-preview:large","max-video-preview":"max-video-preview:-1"},"canonical":"https:\/\/www.hypnotizerrin.de\/index.php\/ueber-mich\/","og_locale":"de_DE","og_type":"article","og_title":"\u00dcber mich - hypnotiZerrin","og_description":"Zerrin Kiris, 1974 in Hessen geboren und zweisprachig (deutsch &amp; t\u00fcrkisch) aufgewachsen geschieden, 1 Kind, langj\u00e4hrig gl\u00fccklich alleinerziehend 1996-2001 Studium Sozialwesen &#8211; Hochschule RheinMain &#8211; Schwerpunkt: Gemeindepsychiatrie 2001 &#8211; Diplom-Sozialp\u00e4dagogin (FH) 2004-2006 Heilpraktikerin f\u00fcr Psychotherpie &#8211;\u00a0 Thalamus Mainz 2005-2006 Hypnose-Trance-Therapie mit NLP-Techniken &#8211; Thalamus Mainz 2008 bis dato Referentin Elternbildungsarbeit in Wiesbaden 2010 Heilpraktikerin f\u00fcr [&hellip;]","og_url":"https:\/\/www.hypnotizerrin.de\/index.php\/ueber-mich\/","og_site_name":"hypnotiZerrin","article_modified_time":"2025-01-28T19:53:09+00:00","og_image":[{"width":1365,"height":2048,"url":"https:\/\/www.hypnotizerrin.de\/wp-content\/uploads\/2023\/05\/IMG-20230209-WA0002.jpg","type":"image\/jpeg"}],"twitter_card":"summary_large_image","twitter_misc":{"Gesch\u00e4tzte Lesezeit":"1\u00a0Minute"},"schema":{"@context":"https:\/\/schema.org","@graph":[{"@type":"WebPage","@id":"https:\/\/www.hypnotizerrin.de\/index.php\/ueber-mich\/","url":"https:\/\/www.hypnotizerrin.de\/index.php\/ueber-mich\/","name":"\u00dcber mich - hypnotiZerrin","isPartOf":{"@id":"https:\/\/www.hypnotizerrin.de\/#website"},"primaryImageOfPage":{"@id":"https:\/\/www.hypnotizerrin.de\/index.php\/ueber-mich\/#primaryimage"},"image":{"@id":"https:\/\/www.hypnotizerrin.de\/index.php\/ueber-mich\/#primaryimage"},"thumbnailUrl":"https:\/\/www.hypnotizerrin.de\/wp-content\/uploads\/2023\/05\/IMG-20230209-WA0002-768x1152.jpg","datePublished":"2020-02-09T11:45:17+00:00","dateModified":"2025-01-28T19:53:09+00:00","breadcrumb":{"@id":"https:\/\/www.hypnotizerrin.de\/index.php\/ueber-mich\/#breadcrumb"},"inLanguage":"de","potentialAction":[{"@type":"ReadAction","target":["https:\/\/www.hypnotizerrin.de\/index.php\/ueber-mich\/"]}]},{"@type":"ImageObject","inLanguage":"de","@id":"https:\/\/www.hypnotizerrin.de\/index.php\/ueber-mich\/#primaryimage","url":"https:\/\/www.hypnotizerrin.de\/wp-content\/uploads\/2023\/05\/IMG-20230209-WA0002.jpg","contentUrl":"https:\/\/www.hypnotizerrin.de\/wp-content\/uploads\/2023\/05\/IMG-20230209-WA0002.jpg","width":1365,"height":2048},{"@type":"BreadcrumbList","@id":"https:\/\/www.hypnotizerrin.de\/index.php\/ueber-mich\/#breadcrumb","itemListElement":[{"@type":"ListItem","position":1,"name":"Home","item":"https:\/\/www.hypnotizerrin.de\/"},{"@type":"ListItem","position":2,"name":"\u00dcber mich"}]},{"@type":"WebSite","@id":"https:\/\/www.hypnotizerrin.de\/#website","url":"https:\/\/www.hypnotizerrin.de\/","name":"hypnotiZerrin","description":"","publisher":{"@id":"https:\/\/www.hypnotizerrin.de\/#organization"},"potentialAction":[{"@type":"SearchAction","target":{"@type":"EntryPoint","urlTemplate":"https:\/\/www.hypnotizerrin.de\/?s={search_term_string}"},"query-input":{"@type":"PropertyValueSpecification","valueRequired":true,"valueName":"search_term_string"}}],"inLanguage":"de"},{"@type":"Organization","@id":"https:\/\/www.hypnotizerrin.de\/#organization","name":"hypnotiZerrin","url":"https:\/\/www.hypnotizerrin.de\/","logo":{"@type":"ImageObject","inLanguage":"de","@id":"https:\/\/www.hypnotizerrin.de\/#\/schema\/logo\/image\/","url":"https:\/\/www.hypnotizerrin.de\/wp-content\/uploads\/2020\/02\/logo.jpg","contentUrl":"https:\/\/www.hypnotizerrin.de\/wp-content\/uploads\/2020\/02\/logo.jpg","width":1024,"height":327,"caption":"hypnotiZerrin"},"image":{"@id":"https:\/\/www.hypnotizerrin.de\/#\/schema\/logo\/image\/"}}]}},"_links":{"self":[{"href":"https:\/\/www.hypnotizerrin.de\/index.php\/wp-json\/wp\/v2\/pages\/84","targetHints":{"allow":["GET"]}}],"collection":[{"href":"https:\/\/www.hypnotizerrin.de\/index.php\/wp-json\/wp\/v2\/pages"}],"about":[{"href":"https:\/\/www.hypnotizerrin.de\/index.php\/wp-json\/wp\/v2\/types\/page"}],"author":[{"embeddable":true,"href":"https:\/\/www.hypnotizerrin.de\/index.php\/wp-json\/wp\/v2\/users\/1"}],"replies":[{"embeddable":true,"href":"https:\/\/www.hypnotizerrin.de\/index.php\/wp-json\/wp\/v2\/comments?post=84"}],"version-history":[{"count":14,"href":"https:\/\/www.hypnotizerrin.de\/index.php\/wp-json\/wp\/v2\/pages\/84\/revisions"}],"predecessor-version":[{"id":470,"href":"https:\/\/www.hypnotizerrin.de\/index.php\/wp-json\/wp\/v2\/pages\/84\/revisions\/470"}],"wp:attachment":[{"href":"https:\/\/www.hypnotizerrin.de\/index.php\/wp-json\/wp\/v2\/media?parent=84"}],"curies":[{"name":"wp","href":"https:\/\/api.w.org\/{rel}","templated":true}]}}